{"id":9906,"date":"2024-12-18T11:31:46","date_gmt":"2024-12-18T10:31:46","guid":{"rendered":"https:\/\/www.kraeuter-hebel.de\/shop\/product\/fruechtetee-fruechtegarten-150-g\/"},"modified":"2025-08-03T17:49:41","modified_gmt":"2025-08-03T15:49:41","slug":"fruechtetee-fruechtegarten-150-g","status":"publish","type":"product","link":"https:\/\/www.kraeuter-hebel.de\/shop\/produkt\/fruechtetee-fruechtegarten-150-g\/","title":{"rendered":"Fr\u00fcchtetee &#8222;Fr\u00fcchtegarten&#8220; 150 g"},"content":{"rendered":"<p><strong>aromatisierter Fr\u00fcchtetee &#8222;Fr\u00fcchtegarten&#8220; 150 g<\/strong><\/p>\n<p><b><span style=\"font-size: medium\">Fr\u00fcchtetee mit Erdbeer-Himbeer-Geschmack<\/span><\/b><\/p>\n<p>Zutaten: Hibiskus, \u00c4pfel, Hagebutten, Orangenschalen, Holunderbeeren, Erdbeer-Himbeer Aroma<\/p>\n<p>Durchschnittlich N\u00e4hrwerte pro 100 ml:<\/p>\n<table border=\"1\" cellspacing=\"0\" cellpadding=\"0\" align=\"left\">\n<tbody>\n<tr>\n<td>Brennwert<\/td>\n<td>&lt;9 kj (&lt;2 kcal)<\/td>\n<\/tr>\n<tr>\n<td>Eiwei\u00df<\/td>\n<td>0 g<\/td>\n<\/tr>\n<tr>\n<td>Kohlenhydrate<\/td>\n<td>0,5 g<\/td>\n<\/tr>\n<tr>\n<td>\n<ul>\n<li>davon Zucker<\/li>\n<\/ul>\n<\/td>\n<td>0,5 g<\/td>\n<\/tr>\n<tr>\n<td>Fett<\/td>\n<td>0 g<\/td>\n<\/tr>\n<tr>\n<td>\n<ul>\n<li>davon ges\u00e4ttigte Fetts\u00e4uren<\/li>\n<\/ul>\n<\/td>\n<td>0 g<\/td>\n<\/tr>\n<tr>\n<td>Salz<\/td>\n<td>0 g<\/td>\n<\/tr>\n<\/tbody>\n<\/table>\n","protected":false},"excerpt":{"rendered":"<p>aromatisierter Fr\u00fcchtetee &#8222;Fr\u00fcchtegarten&#8220; 150 g Fr\u00fcchtetee mit Erdbeer-Himbeer-Geschmack Zutaten: Hibiskus, \u00c4pfel, Hagebutten, Orangenschalen, Holunderbeeren, Erdbeer-Himbeer Aroma Durchschnittlich N\u00e4hrwerte pro 100 ml: Brennwert &lt;9 kj (&lt;2 kcal) Eiwei\u00df 0 g Kohlenhydrate 0,5 g davon Zucker 0,5 g Fett 0 g davon ges\u00e4ttigte Fetts\u00e4uren 0 g Salz 0 g<\/p>\n","protected":false},"featured_media":6567,"comment_status":"closed","ping_status":"closed","template":"","meta":{"_acf_changed":false},"product_brand":[],"product_cat":[929,930],"product_tag":[623,644,621,645],"class_list":{"0":"post-9906","1":"product","2":"type-product","3":"status-publish","4":"has-post-thumbnail","6":"product_cat-tee","7":"product_cat-fruechtetee","8":"product_tag-erdbeer","9":"product_tag-fruechtegarten","10":"product_tag-fruechtetee","11":"product_tag-himbeer","13":"first","14":"outofstock","15":"taxable","16":"shipping-taxable","17":"purchasable","18":"product-type-simple"},"acf":[],"_links":{"self":[{"href":"https:\/\/www.kraeuter-hebel.de\/shop\/wp-json\/wp\/v2\/product\/9906","targetHints":{"allow":["GET"]}}],"collection":[{"href":"https:\/\/www.kraeuter-hebel.de\/shop\/wp-json\/wp\/v2\/product"}],"about":[{"href":"https:\/\/www.kraeuter-hebel.de\/shop\/wp-json\/wp\/v2\/types\/product"}],"replies":[{"embeddable":true,"href":"https:\/\/www.kraeuter-hebel.de\/shop\/wp-json\/wp\/v2\/comments?post=9906"}],"wp:featuredmedia":[{"embeddable":true,"href":"https:\/\/www.kraeuter-hebel.de\/shop\/wp-json\/wp\/v2\/media\/6567"}],"wp:attachment":[{"href":"https:\/\/www.kraeuter-hebel.de\/shop\/wp-json\/wp\/v2\/media?parent=9906"}],"wp:term":[{"taxonomy":"product_brand","embeddable":true,"href":"https:\/\/www.kraeuter-hebel.de\/shop\/wp-json\/wp\/v2\/product_brand?post=9906"},{"taxonomy":"product_cat","embeddable":true,"href":"https:\/\/www.kraeuter-hebel.de\/shop\/wp-json\/wp\/v2\/product_cat?post=9906"},{"taxonomy":"product_tag","embeddable":true,"href":"https:\/\/www.kraeuter-hebel.de\/shop\/wp-json\/wp\/v2\/product_tag?post=9906"}],"curies":[{"name":"wp","href":"https:\/\/api.w.org\/{rel}","templated":true}]}}