{"id":9863,"date":"2024-12-18T11:31:16","date_gmt":"2024-12-18T10:31:16","guid":{"rendered":"https:\/\/www.kraeuter-hebel.de\/shop\/product\/ras-el-hanout\/"},"modified":"2026-03-17T12:06:00","modified_gmt":"2026-03-17T11:06:00","slug":"ras-el-hanout","status":"publish","type":"product","link":"https:\/\/www.kraeuter-hebel.de\/shop\/produkt\/ras-el-hanout\/","title":{"rendered":"Ras el-Hanout 100 g"},"content":{"rendered":"<p><strong>Ras el-Hanout<\/strong><\/p>\n<p>Gew\u00fcrzmischung f\u00fcr nordafrikanische Gerichte<\/p>\n<ul class=\"a-vertical a-spacing-none\">\n<li><span class=\"a-list-item\">nordafrikanisch, aromatische Gew\u00fcrzmischung mit erlesenen Gew\u00fcrzen <\/span><\/li>\n<li><span class=\"a-list-item\">Ideal zu Couscous-Gerichten <\/span><\/li>\n<li><span class=\"a-list-item\">Ras el-Hanout ist in der marokkanischen K\u00fcche unverzichtbar<\/span><\/li>\n<\/ul>\n<p><span class=\"a-list-item\">Zutaten: Chili, Cardamom, Koriander, Pfeffer schwarz, Paprika, Curcuma, Ingwer, Cumin, Muskatnuss, Nelken, Zimt, Knoblauchgranulat, Piment, Anis. <\/span><\/p>\n","protected":false},"excerpt":{"rendered":"<p>Ras el-Hanout Gew\u00fcrzmischung f\u00fcr nordafrikanische Gerichte nordafrikanisch, aromatische Gew\u00fcrzmischung mit erlesenen Gew\u00fcrzen Ideal zu Couscous-Gerichten Ras el-Hanout ist in der marokkanischen K\u00fcche unverzichtbar Zutaten: Chili, Cardamom, Koriander, Pfeffer schwarz, Paprika, Curcuma, Ingwer, Cumin, Muskatnuss, Nelken, Zimt, Knoblauchgranulat, Piment, Anis.<\/p>\n","protected":false},"featured_media":6492,"comment_status":"closed","ping_status":"closed","template":"","meta":{"_acf_changed":false},"product_brand":[],"product_cat":[895,906],"product_tag":[597,598,596],"class_list":{"0":"post-9863","1":"product","2":"type-product","3":"status-publish","4":"has-post-thumbnail","6":"product_cat-bestseller","7":"product_cat-gewuerzmischungen","8":"product_tag-couscous","9":"product_tag-marokannisch","10":"product_tag-nordafrikanisch","12":"first","13":"instock","14":"taxable","15":"shipping-taxable","16":"purchasable","17":"product-type-simple"},"acf":[],"_links":{"self":[{"href":"https:\/\/www.kraeuter-hebel.de\/shop\/wp-json\/wp\/v2\/product\/9863","targetHints":{"allow":["GET"]}}],"collection":[{"href":"https:\/\/www.kraeuter-hebel.de\/shop\/wp-json\/wp\/v2\/product"}],"about":[{"href":"https:\/\/www.kraeuter-hebel.de\/shop\/wp-json\/wp\/v2\/types\/product"}],"replies":[{"embeddable":true,"href":"https:\/\/www.kraeuter-hebel.de\/shop\/wp-json\/wp\/v2\/comments?post=9863"}],"wp:featuredmedia":[{"embeddable":true,"href":"https:\/\/www.kraeuter-hebel.de\/shop\/wp-json\/wp\/v2\/media\/6492"}],"wp:attachment":[{"href":"https:\/\/www.kraeuter-hebel.de\/shop\/wp-json\/wp\/v2\/media?parent=9863"}],"wp:term":[{"taxonomy":"product_brand","embeddable":true,"href":"https:\/\/www.kraeuter-hebel.de\/shop\/wp-json\/wp\/v2\/product_brand?post=9863"},{"taxonomy":"product_cat","embeddable":true,"href":"https:\/\/www.kraeuter-hebel.de\/shop\/wp-json\/wp\/v2\/product_cat?post=9863"},{"taxonomy":"product_tag","embeddable":true,"href":"https:\/\/www.kraeuter-hebel.de\/shop\/wp-json\/wp\/v2\/product_tag?post=9863"}],"curies":[{"name":"wp","href":"https:\/\/api.w.org\/{rel}","templated":true}]}}